{"id":2282,"date":"2022-11-17T11:32:47","date_gmt":"2022-11-17T11:32:47","guid":{"rendered":"https:\/\/elengysupport.ro\/?page_id=2282"},"modified":"2023-02-09T20:35:34","modified_gmt":"2023-02-09T20:35:34","slug":"privacy-policy-2","status":"publish","type":"page","link":"https:\/\/elengysupport.ro\/ro\/privacy-policy-2\/","title":{"rendered":"Politici de confiden\u021bialitate"},"content":{"rendered":"<div data-elementor-type=\"wp-page\" data-elementor-id=\"2282\" class=\"elementor elementor-2282\">\n\t\t\t\t\t\t<section class=\"elementor-section elementor-top-section elementor-element elementor-element-d01f42a elementor-section-full_width elementor-section-height-default elementor-section-height-default\" data-id=\"d01f42a\" data-element_type=\"section\">\n\t\t\t\t\t\t<div class=\"elementor-container elementor-column-gap-default\">\n\t\t\t\t\t<div class=\"elementor-column elementor-col-100 elementor-top-column elementor-element elementor-element-9f633fc\" data-id=\"9f633fc\" data-element_type=\"column\">\n\t\t\t<div class=\"elementor-widget-wrap elementor-element-populated\">\n\t\t\t\t\t\t<div class=\"elementor-element elementor-element-bf21c63 elementor-widget elementor-widget-text-editor\" data-id=\"bf21c63\" data-element_type=\"widget\" data-widget_type=\"text-editor.default\">\n\t\t\t\t<div class=\"elementor-widget-container\">\n\t\t\t\t\t\t\t\t\t<p style=\"box-sizing: inherit; font-size: 16px; font-style: normal; font-weight: 400;\"><span style=\"box-sizing: inherit; color: #1b1212;\">Ultima actualizare: 9 feb 2023<\/span><\/p>\n<p style=\"box-sizing: inherit; font-size: 16px; font-style: normal; font-weight: 400;\"><span style=\"box-sizing: inherit; color: #1b1212;\">Elengy Support SRL (\"noi\", \"noi\", sau \"al nostru\") opereaz\u0103 site-ul Elengy Support (www.elengysupport.ro) (\"Serviciul\").<\/span><\/p>\n<p style=\"box-sizing: inherit; font-size: 16px; font-style: normal; font-weight: 400;\"><span style=\"box-sizing: inherit; color: #1b1212;\">Aceast\u0103 pagin\u0103 v\u0103 informeaz\u0103 cu privire la politicile noastre privind colectarea, utilizarea \u0219i dezv\u0103luirea informa\u021biilor personale atunci c\u00e2nd utiliza\u021bi Serviciul nostru.<\/span><\/p>\n<p style=\"box-sizing: inherit; font-size: 16px; font-style: normal; font-weight: 400;\"><span style=\"box-sizing: inherit; color: #1b1212;\">Nu vom utiliza sau \u00eemp\u0103rt\u0103\u0219i informa\u021biile dvs. cu nimeni, cu excep\u021bia celor descrise \u00een aceast\u0103 politic\u0103 de confiden\u021bialitate.<\/span><\/p>\n<p style=\"box-sizing: inherit; font-size: 16px; font-style: normal; font-weight: 400;\"><span style=\"box-sizing: inherit; color: #1b1212;\">Utiliz\u0103m informa\u021biile dvs. personale pentru a furniza \u0219i \u00eembun\u0103t\u0103\u021bi Serviciul. Prin utilizarea Serviciului, sunte\u021bi de acord cu colectarea \u0219i utilizarea informa\u021biilor \u00een conformitate cu aceast\u0103 politic\u0103. Cu excep\u021bia cazului \u00een care sunt defini\u021bi altfel \u00een aceast\u0103 politic\u0103 de confiden\u021bialitate, termenii utiliza\u021bi \u00een aceast\u0103 politic\u0103 de confiden\u021bialitate au acelea\u0219i semnifica\u021bii ca \u00een Termenii \u0219i condi\u021biile noastre, accesibile la https:\/\/elengysupport.ro.<\/span><\/p>\n<p style=\"box-sizing: inherit; font-size: 16px; font-style: normal; font-weight: 400;\">\u00a0<\/p>\n<h2 style=\"box-sizing: inherit; font-style: normal;\"><span style=\"box-sizing: inherit; color: #1b1212;\">Colectarea \u0219i utilizarea informa\u021biilor<\/span><\/h2>\n<p style=\"box-sizing: inherit; font-size: 16px; font-style: normal; font-weight: 400;\"><span style=\"box-sizing: inherit; color: #1b1212;\">\u00cen timpul utiliz\u0103rii Serviciului nostru, v\u0103 putem solicita s\u0103 ne furniza\u021bi anumite informa\u021bii de identificare personal\u0103 care pot fi utilizate pentru a v\u0103 contacta sau identifica. Informa\u021biile de identificare personal\u0103 (\"Informa\u021bii personale\") pot include, dar nu se limiteaz\u0103 la:<\/span><\/p>\n<p style=\"box-sizing: inherit; font-size: 16px; font-style: normal; font-weight: 400;\">\u00a0<\/p>\n<h2 style=\"box-sizing: inherit; font-style: normal;\"><span style=\"box-sizing: inherit; color: #1b1212;\">Jurnal de date<\/span><\/h2>\n<p style=\"box-sizing: inherit; font-size: 16px; font-style: normal; font-weight: 400;\"><span style=\"box-sizing: inherit; color: #1b1212;\">Colect\u0103m informa\u021bii pe care browserul dvs. le trimite ori de c\u00e2te ori vizita\u021bi Serviciul nostru (\"Date de jurnal\"). Aceste date de jurnal pot include informa\u021bii precum adresa de protocol internet (\"IP\") a computerului dumneavoastr\u0103, tipul de browser, versiunea browserului, paginile Serviciului nostru pe care le vizita\u021bi, data \u0219i ora vizitei, timpul petrecut pe acele pagini \u0219i alte statistici.<\/span><\/p>\n<p style=\"box-sizing: inherit; font-size: 16px; font-style: normal; font-weight: 400;\">\u00a0<\/p>\n<h2 style=\"box-sizing: inherit; font-style: normal;\"><span style=\"box-sizing: inherit; color: #1b1212;\">Cookies<\/span><\/h2>\n<p style=\"box-sizing: inherit; font-size: 16px; font-style: normal; font-weight: 400;\"><span style=\"box-sizing: inherit; color: #1b1212;\">Cookie-urile sunt fi\u0219iere cu o cantitate mic\u0103 de date, care pot include un identificator unic anonim. Cookie-urile sunt trimise c\u0103tre browserul dumneavoastr\u0103 de c\u0103tre un site web \u0219i sunt stocate pe hard disk-ul computerului dumneavoastr\u0103.<\/span><\/p>\n<p style=\"box-sizing: inherit; font-size: 16px; font-style: normal; font-weight: 400;\"><span style=\"box-sizing: inherit; color: #1b1212;\">We use \u201ccookies\u201d to collect information. You can instruct your browser to refuse all cookies or to indicate when a cookie is being sent. However, if you do not accept cookies, you may not be able to use some portions of our Service.<\/span><\/p>\n<p style=\"box-sizing: inherit; font-size: 16px; font-style: normal; font-weight: 400;\">\u00a0<\/p>\n<h2 style=\"box-sizing: inherit; font-style: normal;\"><span style=\"box-sizing: inherit; color: #1b1212;\">Furnizori de servicii<\/span><\/h2>\n<p style=\"box-sizing: inherit; font-size: 16px; font-style: normal; font-weight: 400;\"><span style=\"box-sizing: inherit; color: #1b1212;\">Este posibil s\u0103 angaj\u0103m companii ter\u021be \u0219i persoane fizice pentru a facilita Serviciul nostru, pentru a furniza Serviciul \u00een numele nostru, pentru a efectua servicii legate de Serviciu sau pentru a ne ajuta s\u0103 analiz\u0103m modul \u00een care este utilizat Serviciul nostru.<\/span><\/p>\n<p style=\"box-sizing: inherit; font-size: 16px; font-style: normal; font-weight: 400;\"><span style=\"box-sizing: inherit; color: #1b1212;\">Aceste ter\u021be p\u0103r\u021bi au acces la informa\u021biile dvs. personale numai pentru a \u00eendeplini aceste sarcini \u00een numele nostru \u0219i sunt obligate s\u0103 nu le divulge sau s\u0103 le utilizeze \u00een niciun alt scop.<\/span><\/p>\n<p style=\"box-sizing: inherit; font-size: 16px; font-style: normal; font-weight: 400;\">\u00a0<\/p>\n<h2 style=\"box-sizing: inherit; font-style: normal;\"><span style=\"box-sizing: inherit; color: #1b1212;\">Securitate<\/span><\/h2>\n<p style=\"box-sizing: inherit; font-size: 16px; font-style: normal; font-weight: 400;\"><span style=\"box-sizing: inherit; color: #1b1212;\">Securitatea informa\u021biilor dvs. personale este important\u0103 pentru noi, dar nu uita\u021bi c\u0103 nicio metod\u0103 de transmitere pe internet sau metod\u0103 de stocare electronic\u0103 nu este 100% sigur\u0103. De\u0219i ne str\u0103duim s\u0103 folosim mijloace acceptabile din punct de vedere comercial pentru a v\u0103 proteja informa\u021biile personale, nu putem garanta securitatea absolut\u0103 a acestora.<\/span><\/p>\n<p style=\"box-sizing: inherit; font-size: 16px; font-style: normal; font-weight: 400;\">\u00a0<\/p>\n<h2 style=\"box-sizing: inherit; font-style: normal;\"><span style=\"box-sizing: inherit; color: #1b1212;\">Leg\u0103turi c\u0103tre alte site-uri web<\/span><\/h2>\n<p style=\"box-sizing: inherit; font-size: 16px; font-style: normal; font-weight: 400;\"><span style=\"box-sizing: inherit; color: #1b1212;\">Serviciul nostru poate con\u021bine linkuri c\u0103tre alte site-uri care nu sunt operate de noi. Dac\u0103 face\u021bi clic pe un link al unei ter\u021be p\u0103r\u021bi, ve\u021bi fi direc\u021bionat c\u0103tre site-ul acelei ter\u021be p\u0103r\u021bi. V\u0103 sf\u0103tuim cu t\u0103rie s\u0103 consulta\u021bi Politica de confiden\u021bialitate a fiec\u0103rui site pe care \u00eel vizita\u021bi.<\/span><\/p>\n<p style=\"box-sizing: inherit; font-size: 16px; font-style: normal; font-weight: 400;\"><span style=\"box-sizing: inherit; color: #1b1212;\">Nu avem niciun control asupra \u0219i nu ne asum\u0103m nicio responsabilitate pentru con\u021binutul, politicile de confiden\u021bialitate sau practicile oric\u0103ror site-uri sau servicii ale ter\u021bilor.<\/span><\/p>\n<p style=\"box-sizing: inherit; font-size: 16px; font-style: normal; font-weight: 400;\">\u00a0<\/p>\n<h2 style=\"box-sizing: inherit; font-style: normal;\"><span style=\"box-sizing: inherit; color: #1b1212;\">Protec\u021bia vie\u021bii private a copiilor<\/span><\/h2>\n<p style=\"box-sizing: inherit; font-size: 16px; font-style: normal; font-weight: 400;\"><span style=\"box-sizing: inherit; color: #1b1212;\">Serviciul nostru nu se adreseaz\u0103 persoanelor cu v\u00e2rsta sub 18 ani (\"Copii\").<\/span><\/p>\n<p style=\"box-sizing: inherit; font-size: 16px; font-style: normal; font-weight: 400;\"><span style=\"box-sizing: inherit; color: #1b1212;\">Nu colect\u0103m cu bun\u0103 \u0219tiin\u021b\u0103 informa\u021bii personale identificabile de la copii sub 18 ani. Dac\u0103 sunte\u021bi p\u0103rinte sau tutore \u0219i \u0219ti\u021bi c\u0103 copilul dvs. ne-a furnizat informa\u021bii personale, v\u0103 rug\u0103m s\u0103 ne contacta\u021bi. Dac\u0103 descoperim c\u0103 un copil sub 18 ani ne-a furnizat Informa\u021bii personale, vom \u0219terge imediat aceste informa\u021bii de pe serverele noastre.<\/span><\/p>\n<p style=\"box-sizing: inherit; font-size: 16px; font-style: normal; font-weight: 400;\">\u00a0<\/p>\n<h2 style=\"box-sizing: inherit; font-style: normal;\"><span style=\"box-sizing: inherit; color: #1b1212;\">Modific\u0103ri ale politicii de confiden\u021bialitate<\/span><\/h2>\n<p style=\"box-sizing: inherit; font-size: 16px; font-style: normal; font-weight: 400;\"><span style=\"box-sizing: inherit; color: #1b1212;\">Este posibil s\u0103 ne actualiz\u0103m politica de confiden\u021bialitate din c\u00e2nd \u00een c\u00e2nd. V\u0103 vom informa cu privire la orice modificare prin publicarea noii Politici de confiden\u021bialitate pe aceast\u0103 pagin\u0103.<\/span><\/p>\n<p style=\"box-sizing: inherit; font-size: 16px; font-style: normal; font-weight: 400;\"><span style=\"box-sizing: inherit; color: #1b1212;\">V\u0103 sf\u0103tuim s\u0103 revizui\u021bi periodic aceast\u0103 Politic\u0103 de confiden\u021bialitate pentru orice modific\u0103ri. Modific\u0103rile aduse acestei Politici de confiden\u021bialitate intr\u0103 \u00een vigoare \u00een momentul \u00een care sunt publicate pe aceast\u0103 pagin\u0103.<\/span><\/p>\n<p style=\"box-sizing: inherit; font-size: 16px; font-style: normal; font-weight: 400;\">\u00a0<\/p>\n<h2 style=\"box-sizing: inherit; font-style: normal;\"><span style=\"box-sizing: inherit; color: #1b1212;\">Contacta\u021bi-ne<\/span><\/h2>\n<p style=\"box-sizing: inherit; font-size: 16px; font-style: normal; font-weight: 400; margin-bottom: 0px;\"><span style=\"box-sizing: inherit; color: #1b1212;\">Dac\u0103 ave\u021bi \u00eentreb\u0103ri cu privire la aceste politici de confiden\u021bialitate, v\u0103 rug\u0103m s\u0103 ne contacta\u021bi.<\/span><\/p>\t\t\t\t\t\t\t\t<\/div>\n\t\t\t\t<\/div>\n\t\t\t\t\t<\/div>\n\t\t<\/div>\n\t\t\t\t\t<\/div>\n\t\t<\/section>\n\t\t\t\t<\/div>","protected":false},"excerpt":{"rendered":"<p>Last updated: Feb 9, 2023 Elengy Support SRL (\u201cus\u201d, \u201cwe\u201d, or \u201cour\u201d) operates the Elengy Support (www.elengysupport.ro) website (the \u201cService\u201d). This page informs you of our policies regarding the collection, use and disclosure of Personal Information when you use our Service. We will not use or share your information with anyone except as described in [&hellip;]<\/p>","protected":false},"author":1,"featured_media":0,"parent":0,"menu_order":0,"comment_status":"closed","ping_status":"closed","template":"","meta":{"_uag_custom_page_level_css":"","site-sidebar-layout":"default","site-content-layout":"","ast-site-content-layout":"","site-content-style":"default","site-sidebar-style":"default","ast-global-header-display":"","ast-banner-title-visibility":"","ast-main-header-display":"","ast-hfb-above-header-display":"","ast-hfb-below-header-display":"","ast-hfb-mobile-header-display":"","site-post-title":"","ast-breadcrumbs-content":"","ast-featured-img":"","footer-sml-layout":"","theme-transparent-header-meta":"","adv-header-id-meta":"","stick-header-meta":"","header-above-stick-meta":"","header-main-stick-meta":"","header-below-stick-meta":"","astra-migrate-meta-layouts":"default","ast-page-background-enabled":"default","ast-page-background-meta":{"desktop":{"background-color":"var(--ast-global-color-4)","background-image":"","background-repeat":"repeat","background-position":"center center","background-size":"auto","background-attachment":"scroll","background-type":"","background-media":"","overlay-type":"","overlay-color":"","overlay-gradient":""},"tablet":{"background-color":"","background-image":"","background-repeat":"repeat","background-position":"center center","background-size":"auto","background-attachment":"scroll","background-type":"","background-media":"","overlay-type":"","overlay-color":"","overlay-gradient":""},"mobile":{"background-color":"","background-image":"","background-repeat":"repeat","background-position":"center center","background-size":"auto","background-attachment":"scroll","background-type":"","background-media":"","overlay-type":"","overlay-color":"","overlay-gradient":""}},"ast-content-background-meta":{"desktop":{"background-color":"var(--ast-global-color-5)","background-image":"","background-repeat":"repeat","background-position":"center center","background-size":"auto","background-attachment":"scroll","background-type":"","background-media":"","overlay-type":"","overlay-color":"","overlay-gradient":""},"tablet":{"background-color":"var(--ast-global-color-5)","background-image":"","background-repeat":"repeat","background-position":"center center","background-size":"auto","background-attachment":"scroll","background-type":"","background-media":"","overlay-type":"","overlay-color":"","overlay-gradient":""},"mobile":{"background-color":"var(--ast-global-color-5)","background-image":"","background-repeat":"repeat","background-position":"center center","background-size":"auto","background-attachment":"scroll","background-type":"","background-media":"","overlay-type":"","overlay-color":"","overlay-gradient":""}},"footnotes":""},"class_list":["post-2282","page","type-page","status-publish","hentry"],"aioseo_notices":[],"uagb_featured_image_src":{"full":false,"thumbnail":false,"medium":false,"medium_large":false,"large":false,"1536x1536":false,"2048x2048":false,"trp-custom-language-flag":false},"uagb_author_info":{"display_name":"admin","author_link":"https:\/\/elengysupport.ro\/ro\/author\/admin_itelengy\/"},"uagb_comment_info":0,"uagb_excerpt":"Last updated: Feb 9, 2023 Elengy Support SRL (\u201cus\u201d, \u201cwe\u201d, or \u201cour\u201d) operates the Elengy Support (www.elengysupport.ro) website (the \u201cService\u201d). This page informs you of our policies regarding the collection, use and disclosure of Personal Information when you use our Service. We will not use or share your information with anyone except as described in&hellip;","_links":{"self":[{"href":"https:\/\/elengysupport.ro\/ro\/wp-json\/wp\/v2\/pages\/2282","targetHints":{"allow":["GET"]}}],"collection":[{"href":"https:\/\/elengysupport.ro\/ro\/wp-json\/wp\/v2\/pages"}],"about":[{"href":"https:\/\/elengysupport.ro\/ro\/wp-json\/wp\/v2\/types\/page"}],"author":[{"embeddable":true,"href":"https:\/\/elengysupport.ro\/ro\/wp-json\/wp\/v2\/users\/1"}],"replies":[{"embeddable":true,"href":"https:\/\/elengysupport.ro\/ro\/wp-json\/wp\/v2\/comments?post=2282"}],"version-history":[{"count":7,"href":"https:\/\/elengysupport.ro\/ro\/wp-json\/wp\/v2\/pages\/2282\/revisions"}],"predecessor-version":[{"id":3194,"href":"https:\/\/elengysupport.ro\/ro\/wp-json\/wp\/v2\/pages\/2282\/revisions\/3194"}],"wp:attachment":[{"href":"https:\/\/elengysupport.ro\/ro\/wp-json\/wp\/v2\/media?parent=2282"}],"curies":[{"name":"wp","href":"https:\/\/api.w.org\/{rel}","templated":true}]}}