{"id":2285,"date":"2022-11-17T11:35:38","date_gmt":"2022-11-17T11:35:38","guid":{"rendered":"https:\/\/elengysupport.ro\/?page_id=2285"},"modified":"2023-03-04T10:17:04","modified_gmt":"2023-03-04T10:17:04","slug":"terms-and-conditions","status":"publish","type":"page","link":"https:\/\/elengysupport.ro\/ro\/terms-and-conditions\/","title":{"rendered":"Terms and Conditions"},"content":{"rendered":"<div data-elementor-type=\"wp-page\" data-elementor-id=\"2285\" class=\"elementor elementor-2285\">\n\t\t\t\t\t\t<section class=\"elementor-section elementor-top-section elementor-element elementor-element-4407e86a elementor-section-full_width elementor-section-height-default elementor-section-height-default\" data-id=\"4407e86a\" data-element_type=\"section\">\n\t\t\t\t\t\t<div class=\"elementor-container elementor-column-gap-default\">\n\t\t\t\t\t<div class=\"elementor-column elementor-col-100 elementor-top-column elementor-element elementor-element-319e8072\" data-id=\"319e8072\" data-element_type=\"column\">\n\t\t\t<div class=\"elementor-widget-wrap elementor-element-populated\">\n\t\t\t\t\t\t<div class=\"elementor-element elementor-element-6778b398 elementor-widget elementor-widget-text-editor\" data-id=\"6778b398\" data-element_type=\"widget\" data-widget_type=\"text-editor.default\">\n\t\t\t\t<div class=\"elementor-widget-container\">\n\t\t\t\t\t\t\t\t\t<p style=\"box-sizing: inherit; font-size: 16px; font-style: normal; font-weight: 400;\"><span style=\"box-sizing: inherit; color: rgb(27, 18, 18);\">Ultima actualizare: 9 feb 2023<\/span><\/p><p style=\"box-sizing: inherit; font-size: 16px; font-style: normal; font-weight: 400;\"><span style=\"box-sizing: inherit; color: rgb(27, 18, 18);\">V\u0103 rug\u0103m s\u0103 citi\u021bi cu aten\u021bie ace\u0219ti Termeni de utilizare (\"Termeni\", \"Termeni de utilizare\") \u00eenainte de a utiliza site-ul web https:\/\/elengysupport.ro (\"Serviciul\") operat de Elengy Support (\"noi\", \"noi\" sau \"al nostru\").<\/span><\/p><p style=\"box-sizing: inherit; font-size: 16px; font-style: normal; font-weight: 400;\"><span style=\"box-sizing: inherit; color: rgb(27, 18, 18);\">Accesul \u0219i utilizarea Serviciului sunt condi\u021bionate de acceptarea \u0219i respectarea de c\u0103tre dvs. a acestor Termeni. Ace\u0219ti Termeni se aplic\u0103 tuturor vizitatorilor, utilizatorilor \u0219i altor persoane care acceseaz\u0103 sau utilizeaz\u0103 Serviciul.<\/span><\/p><p style=\"box-sizing: inherit; font-size: 16px; font-style: normal; font-weight: 400;\"><span style=\"box-sizing: inherit; color: rgb(27, 18, 18);\">Prin accesarea sau utilizarea Serviciului sunte\u021bi de acord s\u0103 v\u0103 supune\u021bi acestor Termeni. Dac\u0103 nu sunte\u021bi de acord cu orice parte a termenilor, atunci nu pute\u021bi accesa Serviciul.<\/span><\/p><p style=\"box-sizing: inherit; font-size: 16px; font-style: normal; font-weight: 400;\">&nbsp;<\/p><h2 style=\"box-sizing: inherit; font-style: normal;\"><span style=\"box-sizing: inherit; color: rgb(27, 18, 18);\">Proprietatea intelectual\u0103<\/span><\/h2><p style=\"box-sizing: inherit; font-size: 16px; font-style: normal; font-weight: 400;\"><span style=\"box-sizing: inherit; color: rgb(27, 18, 18);\">Serviciul \u0219i con\u021binutul s\u0103u original, caracteristicile \u0219i func\u021bionalitatea acestuia sunt \u0219i vor r\u0103m\u00e2ne proprietatea exclusiv\u0103 a Elengy Support \u0219i a licen\u021biatorilor s\u0103i.<\/span><\/p><p style=\"box-sizing: inherit; font-size: 16px; font-style: normal; font-weight: 400;\">&nbsp;<\/p><h2 style=\"box-sizing: inherit; font-style: normal;\"><span style=\"box-sizing: inherit; color: rgb(27, 18, 18);\">Leg\u0103turi c\u0103tre alte site-uri web<\/span><\/h2><p style=\"box-sizing: inherit; font-size: 16px; font-style: normal; font-weight: 400;\"><span style=\"box-sizing: inherit; color: rgb(27, 18, 18);\">Serviciul nostru poate con\u021bine link-uri c\u0103tre site-uri web sau servicii ter\u021be care nu sunt de\u021binute sau controlate de Elengy Support.<\/span><\/p><p style=\"box-sizing: inherit; font-size: 16px; font-style: normal; font-weight: 400;\"><span style=\"box-sizing: inherit; color: rgb(27, 18, 18);\">Elengy Support nu are niciun control asupra, \u0219i nu \u00ee\u0219i asum\u0103 nicio responsabilitate pentru con\u021binutul, politicile de confiden\u021bialitate sau practicile site-urilor sau serviciilor ter\u021bilor. De asemenea, recunoa\u0219te\u021bi \u0219i sunte\u021bi de acord c\u0103 Elengy Support nu va fi responsabil sau r\u0103spunz\u0103tor, direct sau indirect, pentru orice daune sau pierderi cauzate sau presupuse a fi cauzate de, sau \u00een leg\u0103tur\u0103 cu utilizarea sau \u00eencrederea \u00een orice astfel de con\u021binut, bunuri sau servicii disponibile pe, sau prin intermediul unor astfel de site-uri web sau servicii.<\/span><\/p><p style=\"box-sizing: inherit; font-size: 16px; font-style: normal; font-weight: 400;\"><span style=\"box-sizing: inherit; color: rgb(27, 18, 18);\">V\u0103 sf\u0103tuim cu t\u0103rie s\u0103 citi\u021bi termenii \u0219i condi\u021biile \u0219i politicile de confiden\u021bialitate ale oric\u0103ror site-uri web sau servicii ter\u021be pe care le vizita\u021bi.<\/span><\/p><p style=\"box-sizing: inherit; font-size: 16px; font-style: normal; font-weight: 400;\">&nbsp;<\/p><h2 style=\"box-sizing: inherit; font-style: normal;\"><span style=\"box-sizing: inherit; color: rgb(27, 18, 18);\">\u00cencetarea accesului<\/span><\/h2><p style=\"box-sizing: inherit; font-size: 16px; font-style: normal; font-weight: 400;\"><span style=\"box-sizing: inherit; color: rgb(27, 18, 18);\">Putem \u00eenceta sau suspenda accesul la Serviciul nostru imediat, f\u0103r\u0103 notificare prealabil\u0103 sau r\u0103spundere, din orice motiv, inclusiv, f\u0103r\u0103 limitare, dac\u0103 \u00eenc\u0103lca\u021bi Termenii.<\/span><\/p><p style=\"box-sizing: inherit; font-size: 16px; font-style: normal; font-weight: 400;\"><span style=\"box-sizing: inherit; color: rgb(27, 18, 18);\">Toate dispozi\u021biile din Termeni care, prin natura lor, ar trebui s\u0103 supravie\u021buiasc\u0103 \u00eencet\u0103rii, vor supravie\u021bui \u00eencet\u0103rii, inclusiv, dar f\u0103r\u0103 a se limita la acestea, dispozi\u021biile privind proprietatea, exoner\u0103rile de garan\u021bie, desp\u0103gubirile \u0219i limit\u0103rile de r\u0103spundere.<\/span><\/p><p style=\"box-sizing: inherit; font-size: 16px; font-style: normal; font-weight: 400;\">&nbsp;<\/p><h2 style=\"box-sizing: inherit; font-style: normal;\"><span style=\"box-sizing: inherit; color: rgb(27, 18, 18);\">Clauz\u0103 de renun\u021bare<\/span><\/h2><p style=\"box-sizing: inherit; font-size: 16px; font-style: normal; font-weight: 400;\"><span style=\"box-sizing: inherit; color: rgb(27, 18, 18);\">Utilizarea Serviciului se face pe riscul dumneavoastr\u0103 exclusiv. Serviciul este furnizat \"AS IS\" \u0219i \"AS AVAILABLE\". Serviciul este furnizat f\u0103r\u0103 garan\u021bii de niciun fel, fie ele exprese sau implicite, inclusiv, dar f\u0103r\u0103 a se limita la, garan\u021biile implicite de vandabilitate, adecvare la un anumit scop, nerespectare a drepturilor de autor sau de performan\u021b\u0103.<\/span><\/p><p style=\"box-sizing: inherit; font-size: 16px; font-style: normal; font-weight: 400;\">&nbsp;<\/p><h2 style=\"box-sizing: inherit; font-style: normal;\"><span style=\"box-sizing: inherit; color: rgb(27, 18, 18);\">Legea aplicabil\u0103<\/span><\/h2><p style=\"box-sizing: inherit; font-size: 16px; font-style: normal; font-weight: 400;\"><span style=\"box-sizing: inherit; color: rgb(27, 18, 18);\">Ace\u0219ti Termeni vor fi guverna\u021bi \u0219i interpreta\u021bi \u00een conformitate cu legile din Rom\u00e2nia, f\u0103r\u0103 a se \u021bine cont de conflictul cu dispozi\u021biile legale.<\/span><\/p><p style=\"box-sizing: inherit; font-size: 16px; font-style: normal; font-weight: 400;\"><span style=\"box-sizing: inherit; color: rgb(27, 18, 18);\">E\u0219ecul nostru de a aplica orice drept sau prevedere a acestor Termeni nu va fi considerat o renun\u021bare la aceste drepturi. \u00cen cazul \u00een care orice prevedere a acestor Termeni este declarat\u0103 invalid\u0103 sau inaplicabil\u0103 de c\u0103tre o instan\u021b\u0103, celelalte prevederi ale acestor Termeni vor r\u0103m\u00e2ne \u00een vigoare. Ace\u0219ti Termeni constituie \u00eentregul acord dintre noi cu privire la Serviciul nostru \u0219i \u00eenlocuiesc \u0219i anuleaz\u0103 orice acord anterior pe care l-am putea avea \u00eentre noi cu privire la Serviciu.<\/span><\/p><p style=\"box-sizing: inherit; font-size: 16px; font-style: normal; font-weight: 400;\">&nbsp;<\/p><h2 style=\"box-sizing: inherit; font-style: normal;\"><span style=\"box-sizing: inherit; color: rgb(27, 18, 18);\">Modific\u0103ri<\/span><\/h2><p style=\"box-sizing: inherit; font-size: 16px; font-style: normal; font-weight: 400;\"><span style=\"box-sizing: inherit; color: rgb(27, 18, 18);\">Ne rezerv\u0103m dreptul, la discre\u021bia noastr\u0103, de a modifica sau \u00eenlocui ace\u0219ti Termeni \u00een orice moment. \u00cen cazul \u00een care o revizuire este material\u0103, vom \u00eencerca s\u0103 oferim o notificare cu cel pu\u021bin 30 de zile \u00eenainte de intrarea \u00een vigoare a noilor termeni. Ceea ce constituie o modificare material\u0103 va fi stabilit la discre\u021bia noastr\u0103 exclusiv\u0103.<\/span><\/p><p style=\"box-sizing: inherit; font-size: 16px; font-style: normal; font-weight: 400;\"><span style=\"box-sizing: inherit; color: rgb(27, 18, 18);\">Continu\u00e2nd s\u0103 accesa\u021bi sau s\u0103 utiliza\u021bi Serviciul nostru dup\u0103 intrarea \u00een vigoare a acestor revizuiri, sunte\u021bi de acord s\u0103 v\u0103 supune\u021bi termenilor revizui\u021bi. Dac\u0103 nu sunte\u021bi de acord cu noii termeni, v\u0103 rug\u0103m s\u0103 nu mai utiliza\u021bi Serviciul.<\/span><\/p><p style=\"box-sizing: inherit; font-size: 16px; font-style: normal; font-weight: 400;\">&nbsp;<\/p><h2 style=\"box-sizing: inherit; font-style: normal;\"><span style=\"box-sizing: inherit; color: rgb(27, 18, 18);\">Contacta\u021bi-ne<\/span><\/h2><p style=\"box-sizing: inherit; font-size: 16px; font-style: normal; font-weight: 400; margin-bottom: 0px;\"><span style=\"box-sizing: inherit; color: rgb(27, 18, 18);\">Dac\u0103 ave\u021bi \u00eentreb\u0103ri cu privire la ace\u0219ti Termeni, v\u0103 rug\u0103m s\u0103 ne contacta\u021bi.<\/span><\/p>\t\t\t\t\t\t\t\t<\/div>\n\t\t\t\t<\/div>\n\t\t\t\t\t<\/div>\n\t\t<\/div>\n\t\t\t\t\t<\/div>\n\t\t<\/section>\n\t\t\t\t<\/div>","protected":false},"excerpt":{"rendered":"<p>Last updated: Feb 9, 2023 Please read these Terms of Use (\u201cTerms\u201d, \u201cTerms of Use\u201d) carefully before using the https:\/\/elengysupport.ro website (the \u201cService\u201d) operated by Elengy Support (\u201cus\u201d, \u201cwe\u201d, or \u201cour\u201d). Your access to and use of the Service is conditioned on your acceptance of and compliance with these Terms. These Terms apply to all [&hellip;]<\/p>","protected":false},"author":1,"featured_media":0,"parent":0,"menu_order":0,"comment_status":"closed","ping_status":"closed","template":"","meta":{"_uag_custom_page_level_css":"","site-sidebar-layout":"default","site-content-layout":"","ast-site-content-layout":"","site-content-style":"default","site-sidebar-style":"default","ast-global-header-display":"","ast-banner-title-visibility":"","ast-main-header-display":"","ast-hfb-above-header-display":"","ast-hfb-below-header-display":"","ast-hfb-mobile-header-display":"","site-post-title":"","ast-breadcrumbs-content":"","ast-featured-img":"","footer-sml-layout":"","theme-transparent-header-meta":"","adv-header-id-meta":"","stick-header-meta":"","header-above-stick-meta":"","header-main-stick-meta":"","header-below-stick-meta":"","astra-migrate-meta-layouts":"default","ast-page-background-enabled":"default","ast-page-background-meta":{"desktop":{"background-color":"var(--ast-global-color-4)","background-image":"","background-repeat":"repeat","background-position":"center center","background-size":"auto","background-attachment":"scroll","background-type":"","background-media":"","overlay-type":"","overlay-color":"","overlay-gradient":""},"tablet":{"background-color":"","background-image":"","background-repeat":"repeat","background-position":"center center","background-size":"auto","background-attachment":"scroll","background-type":"","background-media":"","overlay-type":"","overlay-color":"","overlay-gradient":""},"mobile":{"background-color":"","background-image":"","background-repeat":"repeat","background-position":"center center","background-size":"auto","background-attachment":"scroll","background-type":"","background-media":"","overlay-type":"","overlay-color":"","overlay-gradient":""}},"ast-content-background-meta":{"desktop":{"background-color":"var(--ast-global-color-5)","background-image":"","background-repeat":"repeat","background-position":"center center","background-size":"auto","background-attachment":"scroll","background-type":"","background-media":"","overlay-type":"","overlay-color":"","overlay-gradient":""},"tablet":{"background-color":"var(--ast-global-color-5)","background-image":"","background-repeat":"repeat","background-position":"center center","background-size":"auto","background-attachment":"scroll","background-type":"","background-media":"","overlay-type":"","overlay-color":"","overlay-gradient":""},"mobile":{"background-color":"var(--ast-global-color-5)","background-image":"","background-repeat":"repeat","background-position":"center center","background-size":"auto","background-attachment":"scroll","background-type":"","background-media":"","overlay-type":"","overlay-color":"","overlay-gradient":""}},"footnotes":""},"class_list":["post-2285","page","type-page","status-publish","hentry"],"aioseo_notices":[],"uagb_featured_image_src":{"full":false,"thumbnail":false,"medium":false,"medium_large":false,"large":false,"1536x1536":false,"2048x2048":false,"trp-custom-language-flag":false},"uagb_author_info":{"display_name":"admin","author_link":"https:\/\/elengysupport.ro\/ro\/author\/admin_itelengy\/"},"uagb_comment_info":0,"uagb_excerpt":"Last updated: Feb 9, 2023 Please read these Terms of Use (\u201cTerms\u201d, \u201cTerms of Use\u201d) carefully before using the https:\/\/elengysupport.ro website (the \u201cService\u201d) operated by Elengy Support (\u201cus\u201d, \u201cwe\u201d, or \u201cour\u201d). Your access to and use of the Service is conditioned on your acceptance of and compliance with these Terms. These Terms apply to all&hellip;","_links":{"self":[{"href":"https:\/\/elengysupport.ro\/ro\/wp-json\/wp\/v2\/pages\/2285","targetHints":{"allow":["GET"]}}],"collection":[{"href":"https:\/\/elengysupport.ro\/ro\/wp-json\/wp\/v2\/pages"}],"about":[{"href":"https:\/\/elengysupport.ro\/ro\/wp-json\/wp\/v2\/types\/page"}],"author":[{"embeddable":true,"href":"https:\/\/elengysupport.ro\/ro\/wp-json\/wp\/v2\/users\/1"}],"replies":[{"embeddable":true,"href":"https:\/\/elengysupport.ro\/ro\/wp-json\/wp\/v2\/comments?post=2285"}],"version-history":[{"count":5,"href":"https:\/\/elengysupport.ro\/ro\/wp-json\/wp\/v2\/pages\/2285\/revisions"}],"predecessor-version":[{"id":4702,"href":"https:\/\/elengysupport.ro\/ro\/wp-json\/wp\/v2\/pages\/2285\/revisions\/4702"}],"wp:attachment":[{"href":"https:\/\/elengysupport.ro\/ro\/wp-json\/wp\/v2\/media?parent=2285"}],"curies":[{"name":"wp","href":"https:\/\/api.w.org\/{rel}","templated":true}]}}