{"id":3899,"date":"2023-02-18T22:46:26","date_gmt":"2023-02-18T22:46:26","guid":{"rendered":"https:\/\/elengysupport.ro\/?page_id=3899"},"modified":"2023-03-29T19:21:15","modified_gmt":"2023-03-29T19:21:15","slug":"standards","status":"publish","type":"page","link":"https:\/\/elengysupport.ro\/ro\/knowledge-and-innovation\/standards\/","title":{"rendered":"Standarde"},"content":{"rendered":"<div data-elementor-type=\"wp-page\" data-elementor-id=\"3899\" class=\"elementor elementor-3899\">\n\t\t\t\t\t\t<section class=\"elementor-section elementor-top-section elementor-element elementor-element-4ad6cfb elementor-section-boxed elementor-section-height-default elementor-section-height-default\" data-id=\"4ad6cfb\" data-element_type=\"section\" data-settings=\"{&quot;background_background&quot;:&quot;classic&quot;}\">\n\t\t\t\t\t\t<div class=\"elementor-container elementor-column-gap-default\">\n\t\t\t\t\t<div class=\"elementor-column elementor-col-100 elementor-top-column elementor-element elementor-element-146c4dd\" data-id=\"146c4dd\" data-element_type=\"column\">\n\t\t\t<div class=\"elementor-widget-wrap elementor-element-populated\">\n\t\t\t\t\t\t<div class=\"elementor-element elementor-element-bdc48fc elementor-widget elementor-widget-spacer\" data-id=\"bdc48fc\" data-element_type=\"widget\" data-widget_type=\"spacer.default\">\n\t\t\t\t<div class=\"elementor-widget-container\">\n\t\t\t\t\t\t\t<div class=\"elementor-spacer\">\n\t\t\t<div class=\"elementor-spacer-inner\"><\/div>\n\t\t<\/div>\n\t\t\t\t\t\t<\/div>\n\t\t\t\t<\/div>\n\t\t\t\t<div class=\"elementor-element elementor-element-bf89b22 elementor-widget elementor-widget-spacer\" data-id=\"bf89b22\" data-element_type=\"widget\" data-widget_type=\"spacer.default\">\n\t\t\t\t<div class=\"elementor-widget-container\">\n\t\t\t\t\t\t\t<div class=\"elementor-spacer\">\n\t\t\t<div class=\"elementor-spacer-inner\"><\/div>\n\t\t<\/div>\n\t\t\t\t\t\t<\/div>\n\t\t\t\t<\/div>\n\t\t\t\t<div class=\"elementor-element elementor-element-36f5746 elementor-widget elementor-widget-heading\" data-id=\"36f5746\" data-element_type=\"widget\" data-widget_type=\"heading.default\">\n\t\t\t\t<div class=\"elementor-widget-container\">\n\t\t\t\t\t<h1 class=\"elementor-heading-title elementor-size-xl\">Standarde<\/h1>\t\t\t\t<\/div>\n\t\t\t\t<\/div>\n\t\t\t\t\t<\/div>\n\t\t<\/div>\n\t\t\t\t\t<\/div>\n\t\t<\/section>\n\t\t\t\t<section class=\"elementor-section elementor-top-section elementor-element elementor-element-39694ab elementor-section-boxed elementor-section-height-default elementor-section-height-default\" data-id=\"39694ab\" data-element_type=\"section\" data-settings=\"{&quot;background_background&quot;:&quot;classic&quot;}\">\n\t\t\t\t\t\t<div class=\"elementor-container elementor-column-gap-default\">\n\t\t\t\t\t<div class=\"elementor-column elementor-col-100 elementor-top-column elementor-element elementor-element-41cd57f\" data-id=\"41cd57f\" data-element_type=\"column\">\n\t\t\t<div class=\"elementor-widget-wrap elementor-element-populated\">\n\t\t\t\t\t\t<div class=\"elementor-element elementor-element-cbdf7e0 elementor-widget elementor-widget-spacer\" data-id=\"cbdf7e0\" data-element_type=\"widget\" data-widget_type=\"spacer.default\">\n\t\t\t\t<div class=\"elementor-widget-container\">\n\t\t\t\t\t\t\t<div class=\"elementor-spacer\">\n\t\t\t<div class=\"elementor-spacer-inner\"><\/div>\n\t\t<\/div>\n\t\t\t\t\t\t<\/div>\n\t\t\t\t<\/div>\n\t\t\t\t\t<\/div>\n\t\t<\/div>\n\t\t\t\t\t<\/div>\n\t\t<\/section>\n\t\t\t\t<section class=\"elementor-section elementor-top-section elementor-element elementor-element-44ee77c elementor-section-boxed elementor-section-height-default elementor-section-height-default\" data-id=\"44ee77c\" data-element_type=\"section\" data-settings=\"{&quot;background_background&quot;:&quot;classic&quot;}\">\n\t\t\t\t\t\t<div class=\"elementor-container elementor-column-gap-default\">\n\t\t\t\t\t<div class=\"elementor-column elementor-col-100 elementor-top-column elementor-element elementor-element-d2d69df\" data-id=\"d2d69df\" data-element_type=\"column\">\n\t\t\t<div class=\"elementor-widget-wrap elementor-element-populated\">\n\t\t\t\t\t\t<div class=\"elementor-element elementor-element-159bf8d elementor-widget elementor-widget-text-editor\" data-id=\"159bf8d\" data-element_type=\"widget\" data-widget_type=\"text-editor.default\">\n\t\t\t\t<div class=\"elementor-widget-container\">\n\t\t\t\t\t\t\t\t\t<p>\u00cen func\u021bie de pia\u021ba de destina\u021bie a proiectelor noastre,&nbsp;<\/p><p>respect\u0103m standardele \u0219i reglement\u0103rile \u00een vigoare, deoarece acestea reprezint\u0103 principiile noastre de baz\u0103.&nbsp;<\/p>\n<p>De la standardele regionale la cele interna\u021bionale, iat\u0103 pe ce ne baz\u0103m atunci c\u00e2nd oferim solu\u021bii tehnice:&nbsp;<\/p>\t\t\t\t\t\t\t\t<\/div>\n\t\t\t\t<\/div>\n\t\t\t\t\t<\/div>\n\t\t<\/div>\n\t\t\t\t\t<\/div>\n\t\t<\/section>\n\t\t\t\t<section class=\"elementor-section elementor-top-section elementor-element elementor-element-2bf9268 elementor-section-boxed elementor-section-height-default elementor-section-height-default\" data-id=\"2bf9268\" data-element_type=\"section\" data-settings=\"{&quot;background_background&quot;:&quot;classic&quot;}\">\n\t\t\t\t\t\t<div class=\"elementor-container elementor-column-gap-default\">\n\t\t\t\t\t<div class=\"elementor-column elementor-col-100 elementor-top-column elementor-element elementor-element-fb25015\" data-id=\"fb25015\" data-element_type=\"column\">\n\t\t\t<div class=\"elementor-widget-wrap elementor-element-populated\">\n\t\t\t\t\t\t<div class=\"elementor-element elementor-element-f3fc0fd elementor-widget elementor-widget-spacer\" data-id=\"f3fc0fd\" data-element_type=\"widget\" data-widget_type=\"spacer.default\">\n\t\t\t\t<div class=\"elementor-widget-container\">\n\t\t\t\t\t\t\t<div class=\"elementor-spacer\">\n\t\t\t<div class=\"elementor-spacer-inner\"><\/div>\n\t\t<\/div>\n\t\t\t\t\t\t<\/div>\n\t\t\t\t<\/div>\n\t\t\t\t<section class=\"elementor-section elementor-inner-section elementor-element elementor-element-6f364ce elementor-section-boxed elementor-section-height-default elementor-section-height-default\" data-id=\"6f364ce\" data-element_type=\"section\">\n\t\t\t\t\t\t<div class=\"elementor-container elementor-column-gap-default\">\n\t\t\t\t\t<div class=\"elementor-column elementor-col-50 elementor-inner-column elementor-element elementor-element-c44d009\" data-id=\"c44d009\" data-element_type=\"column\">\n\t\t\t<div class=\"elementor-widget-wrap elementor-element-populated\">\n\t\t\t\t\t\t<div class=\"elementor-element elementor-element-bfcb467 elementor-widget elementor-widget-heading\" data-id=\"bfcb467\" data-element_type=\"widget\" data-widget_type=\"heading.default\">\n\t\t\t\t<div class=\"elementor-widget-container\">\n\t\t\t\t\t<h2 class=\"elementor-heading-title elementor-size-default\">Pia\u021ba european\u0103 \u0219i interna\u021bional\u0103<\/h2>\t\t\t\t<\/div>\n\t\t\t\t<\/div>\n\t\t\t\t<div class=\"elementor-element elementor-element-2452f60 elementor-widget elementor-widget-spacer\" data-id=\"2452f60\" data-element_type=\"widget\" data-widget_type=\"spacer.default\">\n\t\t\t\t<div class=\"elementor-widget-container\">\n\t\t\t\t\t\t\t<div class=\"elementor-spacer\">\n\t\t\t<div class=\"elementor-spacer-inner\"><\/div>\n\t\t<\/div>\n\t\t\t\t\t\t<\/div>\n\t\t\t\t<\/div>\n\t\t\t\t<div class=\"elementor-element elementor-element-4c49c7c elementor-widget elementor-widget-text-editor\" data-id=\"4c49c7c\" data-element_type=\"widget\" data-widget_type=\"text-editor.default\">\n\t\t\t\t<div class=\"elementor-widget-container\">\n\t\t\t\t\t\t\t\t\t<p class=\"translation-block\"><span style=\"font-weight: 400\"><strong>SR EN 60204-1:<\/strong> <\/span><span style=\"font-weight: 400\">Securitatea ma\u0219inilor. <\/span><span style=\"font-weight: 400\">Echipamentul electric al ma\u0219inilor. Partea 1: Cerin\u021be generale<\/span><\/p><p><span style=\"font-weight: 400;\">\u00a0<\/span><\/p><p class=\"translation-block\"><span style=\"font-weight: 400\"><strong>SR EN IEC 61439-1<\/strong>: Ansamble de aparataj de joas\u0103 tensiune. Partea 1: Reguli generale<\/span><\/p><p><span style=\"font-weight: 400;\">\u00a0<\/span><\/p><p class=\"translation-block\"><span style=\"font-weight: 400\"><strong>SR EN IEC 61439-2<\/strong>: Ansamble de aparataj de joas\u0103 tensiune. Partea 2: Ansamble de aparataj de putere<\/span><\/p><p><span style=\"font-weight: 400;\">\u00a0<\/span><\/p><p class=\"translation-block\"><span style=\"font-weight: 400\"><strong>SR HD 60364-1<\/strong>: Instala\u0163ii electrice de joas\u0103 tensiune. Partea 1: Principii fundamentale, determinarea caracteristicilor generale, defini\u0163ii<\/span><\/p><p><span style=\"font-weight: 400;\">\u00a0<\/span><\/p><p class=\"translation-block\"><span style=\"font-weight: 400\"><strong>SR EN ISO 12100<\/strong>: Securitatea ma\u015finilor. Principii generale de proiectare. Aprecierea riscului \u015fi reducerea riscului<\/p><p><span style=\"font-weight: 400;\">\u00a0<\/span><\/p><p class=\"translation-block\"><span style=\"font-weight: 400\"><strong>SR EN ISO 13849-1<\/strong>: Securitatea ma\u015finilor. P\u0103r\u0163i referitoare la securitate ale sistemelor de comand\u0103. Partea 1: Principii generale de proiectare<\/p><p><span style=\"font-weight: 400;\">\u00a0<\/span><\/p><p><span style=\"font-weight: 400;\"><strong>ISO 7000 \/ IEC 60417<\/strong> : Graphical Symbols for Use on Equipment<\/span><\/p><p><span style=\"font-weight: 400;\">\u00a0<\/span><\/p><p class=\"translation-block\"><span style=\"font-weight: 400\"><strong>SR EN 60947-2 <\/strong>: Aparataj de joas\u0103 tensiune. Partea 2: \u00centreruptoare automate<\/p><p><span style=\"font-weight: 400;\">\u00a0<\/span><\/p><p>*Pia\u021ba rom\u00e2neasc\u0103<\/p><p><strong>NTE 011\/12\/00 : <\/strong>Norm\u0103 Tehnic\u0103 pentru Proiectarea Sistemelor de Circuite Secundare ale Sta\u021biilor Electrice<\/p>\t\t\t\t\t\t\t\t<\/div>\n\t\t\t\t<\/div>\n\t\t\t\t\t<\/div>\n\t\t<\/div>\n\t\t\t\t<div class=\"elementor-column elementor-col-50 elementor-inner-column elementor-element elementor-element-090eb45\" data-id=\"090eb45\" data-element_type=\"column\">\n\t\t\t<div class=\"elementor-widget-wrap elementor-element-populated\">\n\t\t\t\t\t\t<div class=\"elementor-element elementor-element-febeb69 elementor-widget elementor-widget-heading\" data-id=\"febeb69\" data-element_type=\"widget\" data-widget_type=\"heading.default\">\n\t\t\t\t<div class=\"elementor-widget-container\">\n\t\t\t\t\t<h2 class=\"elementor-heading-title elementor-size-default\">Pia\u021ba nord-american\u0103<\/h2>\t\t\t\t<\/div>\n\t\t\t\t<\/div>\n\t\t\t\t<div class=\"elementor-element elementor-element-ea0118f elementor-widget elementor-widget-spacer\" data-id=\"ea0118f\" data-element_type=\"widget\" data-widget_type=\"spacer.default\">\n\t\t\t\t<div class=\"elementor-widget-container\">\n\t\t\t\t\t\t\t<div class=\"elementor-spacer\">\n\t\t\t<div class=\"elementor-spacer-inner\"><\/div>\n\t\t<\/div>\n\t\t\t\t\t\t<\/div>\n\t\t\t\t<\/div>\n\t\t\t\t<div class=\"elementor-element elementor-element-9d622ef elementor-widget elementor-widget-text-editor\" data-id=\"9d622ef\" data-element_type=\"widget\" data-widget_type=\"text-editor.default\">\n\t\t\t\t<div class=\"elementor-widget-container\">\n\t\t\t\t\t\t\t\t\t<p><span style=\"font-weight: 400;\"><strong>UL 489<\/strong> : <\/span><span style=\"font-weight: 400;\">Molded-Case Circuit-Breakers, <\/span><span style=\"font-weight: 400;\">Molded-Case Switches and <\/span><span style=\"font-weight: 400;\">Circuit-Breaker Enclosures<\/span><\/p><p><span style=\"font-weight: 400;\"><br><\/span><\/p>\n<p><span style=\"font-weight: 400;\"><strong>UL 508<\/strong> : Industrial Control Equipment<\/span><\/p><p><span style=\"font-weight: 400;\"><br><\/span><\/p>\n<p><span style=\"font-weight: 400;\"><strong>UL 508A<\/strong> : Industrial Control Panels<\/span><\/p><p><span style=\"font-weight: 400;\"><br><\/span><\/p>\n<p><span style=\"font-weight: 400;\"><strong>NFPA 79<\/strong> : <\/span><span style=\"font-weight: 400;\">Electrical Standard for <\/span><span style=\"font-weight: 400;\">Machinery<\/span><\/p><p><span style=\"font-weight: 400;\"><br><\/span><\/p>\n<p><strong>NEC <\/strong><span style=\"font-weight: 400;\"><strong>(NFPA 70)<\/strong> : <\/span><span style=\"font-weight: 400;\">National Electrical Code <\/span><span style=\"font-weight: 400;\">(NEC 2005)<\/span><\/p>\t\t\t\t\t\t\t\t<\/div>\n\t\t\t\t<\/div>\n\t\t\t\t\t<\/div>\n\t\t<\/div>\n\t\t\t\t\t<\/div>\n\t\t<\/section>\n\t\t\t\t<div class=\"elementor-element elementor-element-c6ce941 elementor-widget elementor-widget-spacer\" data-id=\"c6ce941\" data-element_type=\"widget\" data-widget_type=\"spacer.default\">\n\t\t\t\t<div class=\"elementor-widget-container\">\n\t\t\t\t\t\t\t<div class=\"elementor-spacer\">\n\t\t\t<div class=\"elementor-spacer-inner\"><\/div>\n\t\t<\/div>\n\t\t\t\t\t\t<\/div>\n\t\t\t\t<\/div>\n\t\t\t\t\t<\/div>\n\t\t<\/div>\n\t\t\t\t\t<\/div>\n\t\t<\/section>\n\t\t\t\t<\/div>","protected":false},"excerpt":{"rendered":"<p>Standards Depending on the destination market of our projects,&nbsp; we follow the standards and regulations in place, as they serve as our core guidelines.&nbsp; From regional to international standards, this is what we rely on when we provide our technical solutions:&nbsp; European and International Market EN 60204-1 \/ IEC 60204-1 : Safety of Machinery -Electrical [&hellip;]<\/p>","protected":false},"author":1,"featured_media":0,"parent":14,"menu_order":0,"comment_status":"closed","ping_status":"closed","template":"","meta":{"_uag_custom_page_level_css":"","site-sidebar-layout":"no-sidebar","site-content-layout":"page-builder","ast-site-content-layout":"","site-content-style":"default","site-sidebar-style":"default","ast-global-header-display":"","ast-banner-title-visibility":"","ast-main-header-display":"","ast-hfb-above-header-display":"","ast-hfb-below-header-display":"","ast-hfb-mobile-header-display":"","site-post-title":"disabled","ast-breadcrumbs-content":"","ast-featured-img":"disabled","footer-sml-layout":"","theme-transparent-header-meta":"","adv-header-id-meta":"","stick-header-meta":"","header-above-stick-meta":"","header-main-stick-meta":"","header-below-stick-meta":"","astra-migrate-meta-layouts":"default","ast-page-background-enabled":"default","ast-page-background-meta":{"desktop":{"background-color":"var(--ast-global-color-4)","background-image":"","background-repeat":"repeat","background-position":"center center","background-size":"auto","background-attachment":"scroll","background-type":"","background-media":"","overlay-type":"","overlay-color":"","overlay-gradient":""},"tablet":{"background-color":"","background-image":"","background-repeat":"repeat","background-position":"center center","background-size":"auto","background-attachment":"scroll","background-type":"","background-media":"","overlay-type":"","overlay-color":"","overlay-gradient":""},"mobile":{"background-color":"","background-image":"","background-repeat":"repeat","background-position":"center center","background-size":"auto","background-attachment":"scroll","background-type":"","background-media":"","overlay-type":"","overlay-color":"","overlay-gradient":""}},"ast-content-background-meta":{"desktop":{"background-color":"var(--ast-global-color-5)","background-image":"","background-repeat":"repeat","background-position":"center center","background-size":"auto","background-attachment":"scroll","background-type":"","background-media":"","overlay-type":"","overlay-color":"","overlay-gradient":""},"tablet":{"background-color":"var(--ast-global-color-5)","background-image":"","background-repeat":"repeat","background-position":"center center","background-size":"auto","background-attachment":"scroll","background-type":"","background-media":"","overlay-type":"","overlay-color":"","overlay-gradient":""},"mobile":{"background-color":"var(--ast-global-color-5)","background-image":"","background-repeat":"repeat","background-position":"center center","background-size":"auto","background-attachment":"scroll","background-type":"","background-media":"","overlay-type":"","overlay-color":"","overlay-gradient":""}},"footnotes":""},"class_list":["post-3899","page","type-page","status-publish","hentry"],"aioseo_notices":[],"uagb_featured_image_src":{"full":false,"thumbnail":false,"medium":false,"medium_large":false,"large":false,"1536x1536":false,"2048x2048":false,"trp-custom-language-flag":false},"uagb_author_info":{"display_name":"admin","author_link":"https:\/\/elengysupport.ro\/ro\/author\/admin_itelengy\/"},"uagb_comment_info":0,"uagb_excerpt":"Standards Depending on the destination market of our projects,&nbsp; we follow the standards and regulations in place, as they serve as our core guidelines.&nbsp; From regional to international standards, this is what we rely on when we provide our technical solutions:&nbsp; European and International Market EN 60204-1 \/ IEC 60204-1 : Safety of Machinery -Electrical&hellip;","_links":{"self":[{"href":"https:\/\/elengysupport.ro\/ro\/wp-json\/wp\/v2\/pages\/3899","targetHints":{"allow":["GET"]}}],"collection":[{"href":"https:\/\/elengysupport.ro\/ro\/wp-json\/wp\/v2\/pages"}],"about":[{"href":"https:\/\/elengysupport.ro\/ro\/wp-json\/wp\/v2\/types\/page"}],"author":[{"embeddable":true,"href":"https:\/\/elengysupport.ro\/ro\/wp-json\/wp\/v2\/users\/1"}],"replies":[{"embeddable":true,"href":"https:\/\/elengysupport.ro\/ro\/wp-json\/wp\/v2\/comments?post=3899"}],"version-history":[{"count":40,"href":"https:\/\/elengysupport.ro\/ro\/wp-json\/wp\/v2\/pages\/3899\/revisions"}],"predecessor-version":[{"id":5049,"href":"https:\/\/elengysupport.ro\/ro\/wp-json\/wp\/v2\/pages\/3899\/revisions\/5049"}],"up":[{"embeddable":true,"href":"https:\/\/elengysupport.ro\/ro\/wp-json\/wp\/v2\/pages\/14"}],"wp:attachment":[{"href":"https:\/\/elengysupport.ro\/ro\/wp-json\/wp\/v2\/media?parent=3899"}],"curies":[{"name":"wp","href":"https:\/\/api.w.org\/{rel}","templated":true}]}}